{"id":28,"date":"2020-06-11T02:33:51","date_gmt":"2020-06-11T02:33:51","guid":{"rendered":"http:\/\/solucionesfas.com\/?page_id=28"},"modified":"2024-03-06T05:46:21","modified_gmt":"2024-03-06T05:46:21","slug":"contadores-en-tijuana","status":"publish","type":"page","link":"https:\/\/solucionesfas.com\/index.php\/contadores-en-tijuana\/","title":{"rendered":"Contacto"},"content":{"rendered":"\n<p class=\"\"><\/p>\n\n\n\n<p class=\"\">\ud83d\udcde<br>Cel- 664 904-73-95<\/p>\n\n\n\n<p class=\"\">\ud83d\udce7 <br>info@solucionesfas.com<br><br>\u231a <br>Horario de atenci\u00f3n de Lunes a Viernes de 9:00 am a 5:00 pm Tijuana, B.C. M\u00e9xico <br><\/p>\n\n\n\n<p class=\"\">Ubicaci\u00f3n: <br> Blvd. Gustavo Diaz Ordaz No. 15034 Local 9 Interior 209, Colonia Guadalajara C.P. 22115, Tijuana B.C.<\/p>\n\n\n\n<p class=\"\"><\/p>\n\n\n\n<div class=\"wp-block-jetpack-map alignfull is-style-black_and_white\" data-map-id=\"jp-map-1\" data-map-provider=\"mapbox\" data-api-key=\"pk.eyJ1IjoiYWRyaWFuMDkiLCJhIjoiY2tzbzhheXI1MTg4NjJxbW04aXg2Y3VwdyJ9.S-kmyI98vsrFlOAMFoBBbw\" data-map-style=\"black_and_white\"><ul><li><a href=\"https:\/\/www.google.com\/maps\/search\/?api=1&amp;query=32.49276,-116.95515\">Plaza Paseo Guadalajara<\/a><\/li><\/ul><\/div>\n\n\n\n<p class=\"\"><\/p>\n\n\n\n<h2 class=\"wp-block-heading\"><\/h2>\n\n\n\n<p class=\"\"><\/p>\n","protected":false},"excerpt":{"rendered":"<p>\ud83d\udcdeCel- 664 904-73-95 \ud83d\udce7 info@solucionesfas.com \u231a Horario de atenci\u00f3n de Lunes a Viernes de 9:00 am a 5:00 pm Tijuana, B.C. M\u00e9xico Ubicaci\u00f3n: Blvd. Gustavo<a href=\"https:\/\/solucionesfas.com\/index.php\/contadores-en-tijuana\/\" class=\"more-link\">Ver m\u00e1s<\/a><\/p>\n","protected":false},"author":1,"featured_media":0,"parent":0,"menu_order":0,"comment_status":"closed","ping_status":"closed","template":"","meta":{"om_disable_all_campaigns":false,"_monsterinsights_skip_tracking":false,"_monsterinsights_sitenote_active":false,"_monsterinsights_sitenote_note":"","_monsterinsights_sitenote_category":0,"footnotes":""},"class_list":["post-28","page","type-page","status-publish","hentry"],"yoast_head":"<!-- This site is optimized with the Yoast SEO plugin v27.4 - https:\/\/yoast.com\/product\/yoast-seo-wordpress\/ -->\n<title>Contacto &#187; Soluciones FAS<\/title>\n<meta name=\"robots\" content=\"index, follow, max-snippet:-1, max-image-preview:large, max-video-preview:-1\" \/>\n<link rel=\"canonical\" href=\"https:\/\/solucionesfas.com\/index.php\/contadores-en-tijuana\/\" \/>\n<meta property=\"og:locale\" content=\"es_MX\" \/>\n<meta property=\"og:type\" content=\"article\" \/>\n<meta property=\"og:title\" content=\"Contacto &#187; Soluciones FAS\" \/>\n<meta property=\"og:description\" content=\"\ud83d\udcdeCel- 664 904-73-95 \ud83d\udce7 info@solucionesfas.com \u231a Horario de atenci\u00f3n de Lunes a Viernes de 9:00 am a 5:00 pm Tijuana, B.C. M\u00e9xico Ubicaci\u00f3n: Blvd. GustavoVer m\u00e1s\" \/>\n<meta property=\"og:url\" content=\"https:\/\/solucionesfas.com\/index.php\/contadores-en-tijuana\/\" \/>\n<meta property=\"og:site_name\" content=\"Soluciones FAS\" \/>\n<meta property=\"article:publisher\" content=\"https:\/\/www.facebook.com\/SolucionesFAS\" \/>\n<meta property=\"article:modified_time\" content=\"2024-03-06T05:46:21+00:00\" \/>\n<meta name=\"twitter:card\" content=\"summary_large_image\" \/>\n<meta name=\"twitter:site\" content=\"@solucionesfas\" \/>\n<meta name=\"twitter:label1\" content=\"Tiempo de lectura\" \/>\n\t<meta name=\"twitter:data1\" content=\"1 minuto\" \/>\n<script type=\"application\/ld+json\" class=\"yoast-schema-graph\">{\"@context\":\"https:\\\/\\\/schema.org\",\"@graph\":[{\"@type\":\"WebPage\",\"@id\":\"https:\\\/\\\/solucionesfas.com\\\/index.php\\\/contadores-en-tijuana\\\/\",\"url\":\"https:\\\/\\\/solucionesfas.com\\\/index.php\\\/contadores-en-tijuana\\\/\",\"name\":\"Contacto &#187; Soluciones FAS\",\"isPartOf\":{\"@id\":\"https:\\\/\\\/solucionesfas.com\\\/#website\"},\"datePublished\":\"2020-06-11T02:33:51+00:00\",\"dateModified\":\"2024-03-06T05:46:21+00:00\",\"breadcrumb\":{\"@id\":\"https:\\\/\\\/solucionesfas.com\\\/index.php\\\/contadores-en-tijuana\\\/#breadcrumb\"},\"inLanguage\":\"es\",\"potentialAction\":[{\"@type\":\"ReadAction\",\"target\":[\"https:\\\/\\\/solucionesfas.com\\\/index.php\\\/contadores-en-tijuana\\\/\"]}]},{\"@type\":\"BreadcrumbList\",\"@id\":\"https:\\\/\\\/solucionesfas.com\\\/index.php\\\/contadores-en-tijuana\\\/#breadcrumb\",\"itemListElement\":[{\"@type\":\"ListItem\",\"position\":1,\"name\":\"Inicio\",\"item\":\"https:\\\/\\\/solucionesfas.com\\\/\"},{\"@type\":\"ListItem\",\"position\":2,\"name\":\"Contacto\"}]},{\"@type\":\"WebSite\",\"@id\":\"https:\\\/\\\/solucionesfas.com\\\/#website\",\"url\":\"https:\\\/\\\/solucionesfas.com\\\/\",\"name\":\"Soluciones FAS\",\"description\":\"Servicios Contables y Administrativos\",\"publisher\":{\"@id\":\"https:\\\/\\\/solucionesfas.com\\\/#organization\"},\"potentialAction\":[{\"@type\":\"SearchAction\",\"target\":{\"@type\":\"EntryPoint\",\"urlTemplate\":\"https:\\\/\\\/solucionesfas.com\\\/?s={search_term_string}\"},\"query-input\":{\"@type\":\"PropertyValueSpecification\",\"valueRequired\":true,\"valueName\":\"search_term_string\"}}],\"inLanguage\":\"es\"},{\"@type\":\"Organization\",\"@id\":\"https:\\\/\\\/solucionesfas.com\\\/#organization\",\"name\":\"Soluciones Empresariales FAS\",\"url\":\"https:\\\/\\\/solucionesfas.com\\\/\",\"logo\":{\"@type\":\"ImageObject\",\"inLanguage\":\"es\",\"@id\":\"https:\\\/\\\/solucionesfas.com\\\/#\\\/schema\\\/logo\\\/image\\\/\",\"url\":\"https:\\\/\\\/i1.wp.com\\\/solucionesfas.com\\\/wp-content\\\/uploads\\\/2021\\\/09\\\/FAS.png?fit=2785%2C1401&ssl=1\",\"contentUrl\":\"https:\\\/\\\/i1.wp.com\\\/solucionesfas.com\\\/wp-content\\\/uploads\\\/2021\\\/09\\\/FAS.png?fit=2785%2C1401&ssl=1\",\"width\":2785,\"height\":1401,\"caption\":\"Soluciones Empresariales FAS\"},\"image\":{\"@id\":\"https:\\\/\\\/solucionesfas.com\\\/#\\\/schema\\\/logo\\\/image\\\/\"},\"sameAs\":[\"https:\\\/\\\/www.facebook.com\\\/SolucionesFAS\",\"https:\\\/\\\/x.com\\\/solucionesfas\",\"https:\\\/\\\/mx.linkedin.com\\\/in\\\/soluciones-empresariales-fas-04904b1b1\",\"https:\\\/\\\/www.youtube.com\\\/channel\\\/UC-4tFGVUXypc379JAgKmG9Q\"]}]}<\/script>\n<!-- \/ Yoast SEO plugin. -->","yoast_head_json":{"title":"Contacto &#187; Soluciones FAS","robots":{"index":"index","follow":"follow","max-snippet":"max-snippet:-1","max-image-preview":"max-image-preview:large","max-video-preview":"max-video-preview:-1"},"canonical":"https:\/\/solucionesfas.com\/index.php\/contadores-en-tijuana\/","og_locale":"es_MX","og_type":"article","og_title":"Contacto &#187; Soluciones FAS","og_description":"\ud83d\udcdeCel- 664 904-73-95 \ud83d\udce7 info@solucionesfas.com \u231a Horario de atenci\u00f3n de Lunes a Viernes de 9:00 am a 5:00 pm Tijuana, B.C. M\u00e9xico Ubicaci\u00f3n: Blvd. GustavoVer m\u00e1s","og_url":"https:\/\/solucionesfas.com\/index.php\/contadores-en-tijuana\/","og_site_name":"Soluciones FAS","article_publisher":"https:\/\/www.facebook.com\/SolucionesFAS","article_modified_time":"2024-03-06T05:46:21+00:00","twitter_card":"summary_large_image","twitter_site":"@solucionesfas","twitter_misc":{"Tiempo de lectura":"1 minuto"},"schema":{"@context":"https:\/\/schema.org","@graph":[{"@type":"WebPage","@id":"https:\/\/solucionesfas.com\/index.php\/contadores-en-tijuana\/","url":"https:\/\/solucionesfas.com\/index.php\/contadores-en-tijuana\/","name":"Contacto &#187; Soluciones FAS","isPartOf":{"@id":"https:\/\/solucionesfas.com\/#website"},"datePublished":"2020-06-11T02:33:51+00:00","dateModified":"2024-03-06T05:46:21+00:00","breadcrumb":{"@id":"https:\/\/solucionesfas.com\/index.php\/contadores-en-tijuana\/#breadcrumb"},"inLanguage":"es","potentialAction":[{"@type":"ReadAction","target":["https:\/\/solucionesfas.com\/index.php\/contadores-en-tijuana\/"]}]},{"@type":"BreadcrumbList","@id":"https:\/\/solucionesfas.com\/index.php\/contadores-en-tijuana\/#breadcrumb","itemListElement":[{"@type":"ListItem","position":1,"name":"Inicio","item":"https:\/\/solucionesfas.com\/"},{"@type":"ListItem","position":2,"name":"Contacto"}]},{"@type":"WebSite","@id":"https:\/\/solucionesfas.com\/#website","url":"https:\/\/solucionesfas.com\/","name":"Soluciones FAS","description":"Servicios Contables y Administrativos","publisher":{"@id":"https:\/\/solucionesfas.com\/#organization"},"potentialAction":[{"@type":"SearchAction","target":{"@type":"EntryPoint","urlTemplate":"https:\/\/solucionesfas.com\/?s={search_term_string}"},"query-input":{"@type":"PropertyValueSpecification","valueRequired":true,"valueName":"search_term_string"}}],"inLanguage":"es"},{"@type":"Organization","@id":"https:\/\/solucionesfas.com\/#organization","name":"Soluciones Empresariales FAS","url":"https:\/\/solucionesfas.com\/","logo":{"@type":"ImageObject","inLanguage":"es","@id":"https:\/\/solucionesfas.com\/#\/schema\/logo\/image\/","url":"https:\/\/i1.wp.com\/solucionesfas.com\/wp-content\/uploads\/2021\/09\/FAS.png?fit=2785%2C1401&ssl=1","contentUrl":"https:\/\/i1.wp.com\/solucionesfas.com\/wp-content\/uploads\/2021\/09\/FAS.png?fit=2785%2C1401&ssl=1","width":2785,"height":1401,"caption":"Soluciones Empresariales FAS"},"image":{"@id":"https:\/\/solucionesfas.com\/#\/schema\/logo\/image\/"},"sameAs":["https:\/\/www.facebook.com\/SolucionesFAS","https:\/\/x.com\/solucionesfas","https:\/\/mx.linkedin.com\/in\/soluciones-empresariales-fas-04904b1b1","https:\/\/www.youtube.com\/channel\/UC-4tFGVUXypc379JAgKmG9Q"]}]}},"jetpack_sharing_enabled":true,"_links":{"self":[{"href":"https:\/\/solucionesfas.com\/index.php\/wp-json\/wp\/v2\/pages\/28","targetHints":{"allow":["GET"]}}],"collection":[{"href":"https:\/\/solucionesfas.com\/index.php\/wp-json\/wp\/v2\/pages"}],"about":[{"href":"https:\/\/solucionesfas.com\/index.php\/wp-json\/wp\/v2\/types\/page"}],"author":[{"embeddable":true,"href":"https:\/\/solucionesfas.com\/index.php\/wp-json\/wp\/v2\/users\/1"}],"replies":[{"embeddable":true,"href":"https:\/\/solucionesfas.com\/index.php\/wp-json\/wp\/v2\/comments?post=28"}],"version-history":[{"count":5,"href":"https:\/\/solucionesfas.com\/index.php\/wp-json\/wp\/v2\/pages\/28\/revisions"}],"predecessor-version":[{"id":171,"href":"https:\/\/solucionesfas.com\/index.php\/wp-json\/wp\/v2\/pages\/28\/revisions\/171"}],"wp:attachment":[{"href":"https:\/\/solucionesfas.com\/index.php\/wp-json\/wp\/v2\/media?parent=28"}],"curies":[{"name":"wp","href":"https:\/\/api.w.org\/{rel}","templated":true}]}}